{"id":1577,"date":"2025-04-04T08:20:43","date_gmt":"2025-04-04T06:20:43","guid":{"rendered":"https:\/\/espace360.net\/cormeilles-v2\/?page_id=1577"},"modified":"2026-02-04T14:41:07","modified_gmt":"2026-02-04T13:41:07","slug":"evenements","status":"publish","type":"page","link":"https:\/\/espace360.net\/cormeilles\/evenements\/","title":{"rendered":"F\u00eater"},"content":{"rendered":"\t\t<div data-elementor-type=\"wp-page\" data-elementor-id=\"1577\" class=\"elementor elementor-1577\" data-elementor-post-type=\"page\">\n\t\t\t\t<div class=\"elementor-element elementor-element-7f0cb65 e-flex e-con-boxed e-con e-parent\" data-id=\"7f0cb65\" data-element_type=\"container\" data-e-type=\"container\" data-settings=\"{&quot;background_background&quot;:&quot;video&quot;,&quot;background_video_start&quot;:&quot;0&quot;,&quot;background_video_link&quot;:&quot;https:\\\/\\\/espace360.net\\\/cormeilles-v2\\\/wp-content\\\/uploads\\\/sites\\\/7\\\/2026\\\/02\\\/loader-espace-360.mp4&quot;}\">\n\t\t\t\t\t<div class=\"e-con-inner\">\n\t\t<div class=\"elementor-background-video-container elementor-hidden-mobile\">\n\t\t\t\t\t\t\t<video class=\"elementor-background-video-hosted\" role=\"presentation\" autoplay muted playsinline loop><\/video>\n\t\t\t\t\t<\/div>\t\t<div class=\"elementor-element elementor-element-08dbac1 elementor-widget elementor-widget-heading\" data-id=\"08dbac1\" data-element_type=\"widget\" data-e-type=\"widget\" data-widget_type=\"heading.default\">\n\t\t\t\t<div class=\"elementor-widget-container\">\n\t\t\t\t\t<h1 class=\"elementor-heading-title elementor-size-default\">F\u00caTER<\/h1>\t\t\t\t<\/div>\n\t\t\t\t<\/div>\n\t\t<div class=\"elementor-element elementor-element-433b866 e-con-full e-flex e-con e-child\" data-id=\"433b866\" data-element_type=\"container\" data-e-type=\"container\">\n\t\t<div class=\"elementor-element elementor-element-ea389b6 e-con-full e-flex e-con e-child\" data-id=\"ea389b6\" data-element_type=\"container\" data-e-type=\"container\">\n\t\t<a class=\"elementor-element elementor-element-2cc3694 e-con-full e-flex e-con e-child\" data-id=\"2cc3694\" data-element_type=\"container\" data-e-type=\"container\" href=\"https:\/\/espace360.net\/cormeilles\/nos-activites\/anniversaire-cormeilles\/\">\n\t\t\t\t<div class=\"elementor-element elementor-element-908a263 elementor-widget elementor-widget-image\" data-id=\"908a263\" data-element_type=\"widget\" data-e-type=\"widget\" data-widget_type=\"image.default\">\n\t\t\t\t<div class=\"elementor-widget-container\">\n\t\t\t\t\t\t\t\t\t\t\t\t\t\t\t<img fetchpriority=\"high\" decoding=\"async\" width=\"768\" height=\"768\" src=\"https:\/\/espace360.net\/cormeilles\/wp-content\/uploads\/sites\/7\/2025\/07\/feter-anniversaires-en-lair.jpg\" class=\"attachment-large size-large wp-image-3797\" alt=\"Anniversaires en l&#039;air\" srcset=\"https:\/\/espace360.net\/cormeilles\/wp-content\/uploads\/sites\/7\/2025\/07\/feter-anniversaires-en-lair.jpg 768w, https:\/\/espace360.net\/cormeilles\/wp-content\/uploads\/sites\/7\/2025\/07\/feter-anniversaires-en-lair-300x300.jpg 300w, https:\/\/espace360.net\/cormeilles\/wp-content\/uploads\/sites\/7\/2025\/07\/feter-anniversaires-en-lair-150x150.jpg 150w\" sizes=\"(max-width: 768px) 100vw, 768px\" \/>\t\t\t\t\t\t\t\t\t\t\t\t\t\t\t<\/div>\n\t\t\t\t<\/div>\n\t\t\t\t<div class=\"elementor-element elementor-element-97125c5 elementor-absolute elementor-view-default elementor-widget elementor-widget-icon\" data-id=\"97125c5\" data-element_type=\"widget\" data-e-type=\"widget\" data-settings=\"{&quot;_position&quot;:&quot;absolute&quot;}\" data-widget_type=\"icon.default\">\n\t\t\t\t<div class=\"elementor-widget-container\">\n\t\t\t\t\t\t\t<div class=\"elementor-icon-wrapper\">\n\t\t\t<div class=\"elementor-icon elementor-animation-shrink\">\n\t\t\t<svg aria-hidden=\"true\" class=\"e-font-icon-svg e-fas-hand-point-up\" viewBox=\"0 0 384 512\" xmlns=\"http:\/\/www.w3.org\/2000\/svg\"><path d=\"M135.652 0c23.625 0 43.826 20.65 43.826 44.8v99.851c17.048-16.34 49.766-18.346 70.944 6.299 22.829-14.288 53.017-2.147 62.315 16.45C361.878 158.426 384 189.346 384 240c0 2.746-.203 13.276-.195 16 .168 61.971-31.065 76.894-38.315 123.731C343.683 391.404 333.599 400 321.786 400H150.261l-.001-.002c-18.366-.011-35.889-10.607-43.845-28.464C93.421 342.648 57.377 276.122 29.092 264 10.897 256.203.008 242.616 0 224c-.014-34.222 35.098-57.752 66.908-44.119 8.359 3.583 16.67 8.312 24.918 14.153V44.8c0-23.45 20.543-44.8 43.826-44.8zM136 416h192c13.255 0 24 10.745 24 24v48c0 13.255-10.745 24-24 24H136c-13.255 0-24-10.745-24-24v-48c0-13.255 10.745-24 24-24zm168 28c-11.046 0-20 8.954-20 20s8.954 20 20 20 20-8.954 20-20-8.954-20-20-20z\"><\/path><\/svg>\t\t\t<\/div>\n\t\t<\/div>\n\t\t\t\t\t\t<\/div>\n\t\t\t\t<\/div>\n\t\t\t\t<div class=\"elementor-element elementor-element-6e9aeed elementor-widget elementor-widget-heading\" data-id=\"6e9aeed\" data-element_type=\"widget\" data-e-type=\"widget\" data-widget_type=\"heading.default\">\n\t\t\t\t<div class=\"elementor-widget-container\">\n\t\t\t\t\t<p class=\"elementor-heading-title elementor-size-default\">Offrez un moment magique, ludique et unique \u00e0 votre enfant.\nChoisissez la formule qui lui correspond et l\u2019on s\u2019occupe de tout pour que cette f\u00eate devienne inoubliable !<\/p>\t\t\t\t<\/div>\n\t\t\t\t<\/div>\n\t\t\t\t<\/a>\n\t\t\t\t<\/div>\n\t\t<div class=\"elementor-element elementor-element-f7dbae8 e-con-full e-flex e-con e-child\" data-id=\"f7dbae8\" data-element_type=\"container\" data-e-type=\"container\">\n\t\t<a class=\"elementor-element elementor-element-1280384 e-con-full e-flex e-con e-child\" data-id=\"1280384\" data-element_type=\"container\" data-e-type=\"container\" href=\"https:\/\/espace360.net\/cormeilles\/evenements\/evg-evjf\/\">\n\t\t\t\t<div class=\"elementor-element elementor-element-4c20900 elementor-widget elementor-widget-image\" data-id=\"4c20900\" data-element_type=\"widget\" data-e-type=\"widget\" data-widget_type=\"image.default\">\n\t\t\t\t<div class=\"elementor-widget-container\">\n\t\t\t\t\t\t\t\t\t\t\t\t\t\t\t<img decoding=\"async\" width=\"768\" height=\"769\" src=\"https:\/\/espace360.net\/cormeilles\/wp-content\/uploads\/sites\/7\/2025\/07\/feter-evg-evjf.jpg\" class=\"attachment-large size-large wp-image-3796\" alt=\"EVG - EVJF\" srcset=\"https:\/\/espace360.net\/cormeilles\/wp-content\/uploads\/sites\/7\/2025\/07\/feter-evg-evjf.jpg 768w, https:\/\/espace360.net\/cormeilles\/wp-content\/uploads\/sites\/7\/2025\/07\/feter-evg-evjf-300x300.jpg 300w, https:\/\/espace360.net\/cormeilles\/wp-content\/uploads\/sites\/7\/2025\/07\/feter-evg-evjf-150x150.jpg 150w\" sizes=\"(max-width: 768px) 100vw, 768px\" \/>\t\t\t\t\t\t\t\t\t\t\t\t\t\t\t<\/div>\n\t\t\t\t<\/div>\n\t\t\t\t<div class=\"elementor-element elementor-element-83b525b elementor-absolute elementor-view-default elementor-widget elementor-widget-icon\" data-id=\"83b525b\" data-element_type=\"widget\" data-e-type=\"widget\" data-settings=\"{&quot;_position&quot;:&quot;absolute&quot;}\" data-widget_type=\"icon.default\">\n\t\t\t\t<div class=\"elementor-widget-container\">\n\t\t\t\t\t\t\t<div class=\"elementor-icon-wrapper\">\n\t\t\t<div class=\"elementor-icon elementor-animation-shrink\">\n\t\t\t<svg aria-hidden=\"true\" class=\"e-font-icon-svg e-fas-hand-point-up\" viewBox=\"0 0 384 512\" xmlns=\"http:\/\/www.w3.org\/2000\/svg\"><path d=\"M135.652 0c23.625 0 43.826 20.65 43.826 44.8v99.851c17.048-16.34 49.766-18.346 70.944 6.299 22.829-14.288 53.017-2.147 62.315 16.45C361.878 158.426 384 189.346 384 240c0 2.746-.203 13.276-.195 16 .168 61.971-31.065 76.894-38.315 123.731C343.683 391.404 333.599 400 321.786 400H150.261l-.001-.002c-18.366-.011-35.889-10.607-43.845-28.464C93.421 342.648 57.377 276.122 29.092 264 10.897 256.203.008 242.616 0 224c-.014-34.222 35.098-57.752 66.908-44.119 8.359 3.583 16.67 8.312 24.918 14.153V44.8c0-23.45 20.543-44.8 43.826-44.8zM136 416h192c13.255 0 24 10.745 24 24v48c0 13.255-10.745 24-24 24H136c-13.255 0-24-10.745-24-24v-48c0-13.255 10.745-24 24-24zm168 28c-11.046 0-20 8.954-20 20s8.954 20 20 20 20-8.954 20-20-8.954-20-20-20z\"><\/path><\/svg>\t\t\t<\/div>\n\t\t<\/div>\n\t\t\t\t\t\t<\/div>\n\t\t\t\t<\/div>\n\t\t\t\t<div class=\"elementor-element elementor-element-93aa0ab elementor-widget elementor-widget-heading\" data-id=\"93aa0ab\" data-element_type=\"widget\" data-e-type=\"widget\" data-widget_type=\"heading.default\">\n\t\t\t\t<div class=\"elementor-widget-container\">\n\t\t\t\t\t<p class=\"elementor-heading-title elementor-size-default\">Votre ami(e) va bient\u00f4t faire le grand saut ? Alors venez f\u00eater son enterrement de vie de gar\u00e7on ou de jeune fille chez Espace 360 ! \nLe\/la mari\u00e9(e) pourra vivre des sensations fortes avec son entourage avant de se lancer dans la plus grande aventure de sa vie.<\/p>\t\t\t\t<\/div>\n\t\t\t\t<\/div>\n\t\t\t\t<\/a>\n\t\t\t\t<\/div>\n\t\t<div class=\"elementor-element elementor-element-eb58733 e-con-full e-flex e-con e-child\" data-id=\"eb58733\" data-element_type=\"container\" data-e-type=\"container\">\n\t\t<a class=\"elementor-element elementor-element-2371d0a e-con-full e-flex e-con e-child\" data-id=\"2371d0a\" data-element_type=\"container\" data-e-type=\"container\" href=\"https:\/\/espace360.net\/cormeilles\/evenements\/bons-cadeaux\/\">\n\t\t\t\t<div class=\"elementor-element elementor-element-39be8de elementor-widget elementor-widget-image\" data-id=\"39be8de\" data-element_type=\"widget\" data-e-type=\"widget\" data-widget_type=\"image.default\">\n\t\t\t\t<div class=\"elementor-widget-container\">\n\t\t\t\t\t\t\t\t\t\t\t\t\t\t\t<img decoding=\"async\" width=\"768\" height=\"769\" src=\"https:\/\/espace360.net\/cormeilles\/wp-content\/uploads\/sites\/7\/2025\/07\/feter-bons-cadeaux.jpg\" class=\"attachment-large size-large wp-image-3795\" alt=\"Bons Cadeaux\" srcset=\"https:\/\/espace360.net\/cormeilles\/wp-content\/uploads\/sites\/7\/2025\/07\/feter-bons-cadeaux.jpg 768w, https:\/\/espace360.net\/cormeilles\/wp-content\/uploads\/sites\/7\/2025\/07\/feter-bons-cadeaux-300x300.jpg 300w, https:\/\/espace360.net\/cormeilles\/wp-content\/uploads\/sites\/7\/2025\/07\/feter-bons-cadeaux-150x150.jpg 150w\" sizes=\"(max-width: 768px) 100vw, 768px\" \/>\t\t\t\t\t\t\t\t\t\t\t\t\t\t\t<\/div>\n\t\t\t\t<\/div>\n\t\t\t\t<div class=\"elementor-element elementor-element-9c639f0 elementor-absolute elementor-view-default elementor-widget elementor-widget-icon\" data-id=\"9c639f0\" data-element_type=\"widget\" data-e-type=\"widget\" data-settings=\"{&quot;_position&quot;:&quot;absolute&quot;}\" data-widget_type=\"icon.default\">\n\t\t\t\t<div class=\"elementor-widget-container\">\n\t\t\t\t\t\t\t<div class=\"elementor-icon-wrapper\">\n\t\t\t<div class=\"elementor-icon elementor-animation-shrink\">\n\t\t\t<svg aria-hidden=\"true\" class=\"e-font-icon-svg e-fas-hand-point-up\" viewBox=\"0 0 384 512\" xmlns=\"http:\/\/www.w3.org\/2000\/svg\"><path d=\"M135.652 0c23.625 0 43.826 20.65 43.826 44.8v99.851c17.048-16.34 49.766-18.346 70.944 6.299 22.829-14.288 53.017-2.147 62.315 16.45C361.878 158.426 384 189.346 384 240c0 2.746-.203 13.276-.195 16 .168 61.971-31.065 76.894-38.315 123.731C343.683 391.404 333.599 400 321.786 400H150.261l-.001-.002c-18.366-.011-35.889-10.607-43.845-28.464C93.421 342.648 57.377 276.122 29.092 264 10.897 256.203.008 242.616 0 224c-.014-34.222 35.098-57.752 66.908-44.119 8.359 3.583 16.67 8.312 24.918 14.153V44.8c0-23.45 20.543-44.8 43.826-44.8zM136 416h192c13.255 0 24 10.745 24 24v48c0 13.255-10.745 24-24 24H136c-13.255 0-24-10.745-24-24v-48c0-13.255 10.745-24 24-24zm168 28c-11.046 0-20 8.954-20 20s8.954 20 20 20 20-8.954 20-20-8.954-20-20-20z\"><\/path><\/svg>\t\t\t<\/div>\n\t\t<\/div>\n\t\t\t\t\t\t<\/div>\n\t\t\t\t<\/div>\n\t\t\t\t<div class=\"elementor-element elementor-element-1d98bf7 elementor-widget elementor-widget-heading\" data-id=\"1d98bf7\" data-element_type=\"widget\" data-e-type=\"widget\" data-widget_type=\"heading.default\">\n\t\t\t\t<div class=\"elementor-widget-container\">\n\t\t\t\t\t<p class=\"elementor-heading-title elementor-size-default\">Vous souhaitez faire une surprise \u00e0 l\u2019un de vos proches, vous venez de trouver l\u2019id\u00e9e qui r\u00e9pondra \u00e0 ses attentes\u2026\nIl vous suffit maintenant de choisir entre nos nombreuses activit\u00e9s pour lui offrir un moment unique !\nTrampolines, Accrobranche, Bowling ou pourquoi pas les 3, \u00e0 vous de choisir !<\/p>\t\t\t\t<\/div>\n\t\t\t\t<\/div>\n\t\t\t\t<\/a>\n\t\t\t\t<\/div>\n\t\t\t\t<\/div>\n\t\t\t\t\t<\/div>\n\t\t\t\t<\/div>\n\t\t\t\t<\/div>\n\t\t","protected":false},"excerpt":{"rendered":"<p>F\u00caTER Offrez un moment magique, ludique et unique \u00e0 votre enfant. Choisissez la formule qui lui correspond et l\u2019on s\u2019occupe de tout pour que cette f\u00eate devienne inoubliable ! Votre ami(e) va bient\u00f4t faire le grand saut ? Alors venez f\u00eater son enterrement de vie de gar\u00e7on ou de jeune fille chez Espace 360 ! [&hellip;]<\/p>\n","protected":false},"author":2,"featured_media":0,"parent":0,"menu_order":0,"comment_status":"closed","ping_status":"closed","template":"","meta":{"_acf_changed":false,"footnotes":""},"class_list":["post-1577","page","type-page","status-publish","hentry"],"yoast_head":"<!-- This site is optimized with the Yoast SEO plugin v27.4 - https:\/\/yoast.com\/product\/yoast-seo-wordpress\/ -->\n<title>Nos \u00c9v\u00e9nements sur Trampoline \u00e0 Tourville \/ Cormeilles | Espace 360<\/title>\n<meta name=\"description\" content=\"Tous les \u00e9v\u00e9nements accessibles dans votre Espace 360 : anniversaire en l&#039;air, EVG\/EVJF, vol de groupe, etc.\" \/>\n<meta name=\"robots\" content=\"index, follow, max-snippet:-1, max-image-preview:large, max-video-preview:-1\" \/>\n<link rel=\"canonical\" href=\"https:\/\/espace360.net\/cormeilles\/evenements\/\" \/>\n<meta property=\"og:locale\" content=\"fr_FR\" \/>\n<meta property=\"og:type\" content=\"article\" \/>\n<meta property=\"og:title\" content=\"Nos \u00c9v\u00e9nements sur Trampoline \u00e0 Tourville \/ Cormeilles | Espace 360\" \/>\n<meta property=\"og:description\" content=\"Tous les \u00e9v\u00e9nements accessibles dans votre Espace 360 : anniversaire en l&#039;air, EVG\/EVJF, vol de groupe, etc.\" \/>\n<meta property=\"og:url\" content=\"https:\/\/espace360.net\/cormeilles\/evenements\/\" \/>\n<meta property=\"og:site_name\" content=\"Espace 360 Cormeilles\" \/>\n<meta property=\"article:modified_time\" content=\"2026-02-04T13:41:07+00:00\" \/>\n<meta property=\"og:image\" content=\"https:\/\/espace360.net\/cormeilles-v2\/wp-content\/uploads\/sites\/7\/2025\/07\/feter-anniversaires-en-lair.jpg\" \/>\n<meta name=\"twitter:card\" content=\"summary_large_image\" \/>\n<meta name=\"twitter:label1\" content=\"Dur\u00e9e de lecture estim\u00e9e\" \/>\n\t<meta name=\"twitter:data1\" content=\"2 minutes\" \/>\n<script type=\"application\/ld+json\" class=\"yoast-schema-graph\">{\"@context\":\"https:\\\/\\\/schema.org\",\"@graph\":[{\"@type\":\"WebPage\",\"@id\":\"https:\\\/\\\/espace360.net\\\/cormeilles\\\/evenements\\\/\",\"url\":\"https:\\\/\\\/espace360.net\\\/cormeilles\\\/evenements\\\/\",\"name\":\"Nos \u00c9v\u00e9nements sur Trampoline \u00e0 Tourville \\\/ Cormeilles | Espace 360\",\"isPartOf\":{\"@id\":\"https:\\\/\\\/espace360.net\\\/cormeilles\\\/#website\"},\"primaryImageOfPage\":{\"@id\":\"https:\\\/\\\/espace360.net\\\/cormeilles\\\/evenements\\\/#primaryimage\"},\"image\":{\"@id\":\"https:\\\/\\\/espace360.net\\\/cormeilles\\\/evenements\\\/#primaryimage\"},\"thumbnailUrl\":\"https:\\\/\\\/espace360.net\\\/cormeilles-v2\\\/wp-content\\\/uploads\\\/sites\\\/7\\\/2025\\\/07\\\/feter-anniversaires-en-lair.jpg\",\"datePublished\":\"2025-04-04T06:20:43+00:00\",\"dateModified\":\"2026-02-04T13:41:07+00:00\",\"description\":\"Tous les \u00e9v\u00e9nements accessibles dans votre Espace 360 : anniversaire en l'air, EVG\\\/EVJF, vol de groupe, etc.\",\"breadcrumb\":{\"@id\":\"https:\\\/\\\/espace360.net\\\/cormeilles\\\/evenements\\\/#breadcrumb\"},\"inLanguage\":\"fr-FR\",\"potentialAction\":[{\"@type\":\"ReadAction\",\"target\":[\"https:\\\/\\\/espace360.net\\\/cormeilles\\\/evenements\\\/\"]}]},{\"@type\":\"ImageObject\",\"inLanguage\":\"fr-FR\",\"@id\":\"https:\\\/\\\/espace360.net\\\/cormeilles\\\/evenements\\\/#primaryimage\",\"url\":\"https:\\\/\\\/espace360.net\\\/cormeilles\\\/wp-content\\\/uploads\\\/sites\\\/7\\\/2025\\\/07\\\/feter-anniversaires-en-lair.jpg\",\"contentUrl\":\"https:\\\/\\\/espace360.net\\\/cormeilles\\\/wp-content\\\/uploads\\\/sites\\\/7\\\/2025\\\/07\\\/feter-anniversaires-en-lair.jpg\",\"width\":768,\"height\":768,\"caption\":\"Anniversaires en l'air\"},{\"@type\":\"BreadcrumbList\",\"@id\":\"https:\\\/\\\/espace360.net\\\/cormeilles\\\/evenements\\\/#breadcrumb\",\"itemListElement\":[{\"@type\":\"ListItem\",\"position\":1,\"name\":\"Accueil\",\"item\":\"https:\\\/\\\/espace360.net\\\/cormeilles\\\/\"},{\"@type\":\"ListItem\",\"position\":2,\"name\":\"F\u00eater\"}]},{\"@type\":\"WebSite\",\"@id\":\"https:\\\/\\\/espace360.net\\\/cormeilles\\\/#website\",\"url\":\"https:\\\/\\\/espace360.net\\\/cormeilles\\\/\",\"name\":\"Espace 360 Cormeilles\",\"description\":\"Parc de Loisirs \u00e0 Cormeilles\",\"publisher\":{\"@id\":\"https:\\\/\\\/espace360.net\\\/cormeilles\\\/#organization\"},\"alternateName\":\"Espace 360\",\"potentialAction\":[{\"@type\":\"SearchAction\",\"target\":{\"@type\":\"EntryPoint\",\"urlTemplate\":\"https:\\\/\\\/espace360.net\\\/cormeilles\\\/?s={search_term_string}\"},\"query-input\":{\"@type\":\"PropertyValueSpecification\",\"valueRequired\":true,\"valueName\":\"search_term_string\"}}],\"inLanguage\":\"fr-FR\"},{\"@type\":\"Organization\",\"@id\":\"https:\\\/\\\/espace360.net\\\/cormeilles\\\/#organization\",\"name\":\"Espace 360\",\"url\":\"https:\\\/\\\/espace360.net\\\/cormeilles\\\/\",\"logo\":{\"@type\":\"ImageObject\",\"inLanguage\":\"fr-FR\",\"@id\":\"https:\\\/\\\/espace360.net\\\/cormeilles\\\/#\\\/schema\\\/logo\\\/image\\\/\",\"url\":\"https:\\\/\\\/espace360.net\\\/cormeilles\\\/wp-content\\\/uploads\\\/sites\\\/7\\\/2026\\\/02\\\/logo-espace-360-favicon.png\",\"contentUrl\":\"https:\\\/\\\/espace360.net\\\/cormeilles\\\/wp-content\\\/uploads\\\/sites\\\/7\\\/2026\\\/02\\\/logo-espace-360-favicon.png\",\"width\":512,\"height\":521,\"caption\":\"Espace 360\"},\"image\":{\"@id\":\"https:\\\/\\\/espace360.net\\\/cormeilles\\\/#\\\/schema\\\/logo\\\/image\\\/\"},\"sameAs\":[\"https:\\\/\\\/www.instagram.com\\\/espace360.cormeilles\",\"https:\\\/\\\/fr.linkedin.com\\\/company\\\/espace-360-cormeilles-en-parisis\",\"https:\\\/\\\/www.tiktok.com\\\/@espace360.cormeilles\"]}]}<\/script>\n<!-- \/ Yoast SEO plugin. -->","yoast_head_json":{"title":"Nos \u00c9v\u00e9nements sur Trampoline \u00e0 Tourville \/ Cormeilles | Espace 360","description":"Tous les \u00e9v\u00e9nements accessibles dans votre Espace 360 : anniversaire en l'air, EVG\/EVJF, vol de groupe, etc.","robots":{"index":"index","follow":"follow","max-snippet":"max-snippet:-1","max-image-preview":"max-image-preview:large","max-video-preview":"max-video-preview:-1"},"canonical":"https:\/\/espace360.net\/cormeilles\/evenements\/","og_locale":"fr_FR","og_type":"article","og_title":"Nos \u00c9v\u00e9nements sur Trampoline \u00e0 Tourville \/ Cormeilles | Espace 360","og_description":"Tous les \u00e9v\u00e9nements accessibles dans votre Espace 360 : anniversaire en l'air, EVG\/EVJF, vol de groupe, etc.","og_url":"https:\/\/espace360.net\/cormeilles\/evenements\/","og_site_name":"Espace 360 Cormeilles","article_modified_time":"2026-02-04T13:41:07+00:00","og_image":[{"url":"https:\/\/espace360.net\/cormeilles-v2\/wp-content\/uploads\/sites\/7\/2025\/07\/feter-anniversaires-en-lair.jpg","type":"","width":"","height":""}],"twitter_card":"summary_large_image","twitter_misc":{"Dur\u00e9e de lecture estim\u00e9e":"2 minutes"},"schema":{"@context":"https:\/\/schema.org","@graph":[{"@type":"WebPage","@id":"https:\/\/espace360.net\/cormeilles\/evenements\/","url":"https:\/\/espace360.net\/cormeilles\/evenements\/","name":"Nos \u00c9v\u00e9nements sur Trampoline \u00e0 Tourville \/ Cormeilles | Espace 360","isPartOf":{"@id":"https:\/\/espace360.net\/cormeilles\/#website"},"primaryImageOfPage":{"@id":"https:\/\/espace360.net\/cormeilles\/evenements\/#primaryimage"},"image":{"@id":"https:\/\/espace360.net\/cormeilles\/evenements\/#primaryimage"},"thumbnailUrl":"https:\/\/espace360.net\/cormeilles-v2\/wp-content\/uploads\/sites\/7\/2025\/07\/feter-anniversaires-en-lair.jpg","datePublished":"2025-04-04T06:20:43+00:00","dateModified":"2026-02-04T13:41:07+00:00","description":"Tous les \u00e9v\u00e9nements accessibles dans votre Espace 360 : anniversaire en l'air, EVG\/EVJF, vol de groupe, etc.","breadcrumb":{"@id":"https:\/\/espace360.net\/cormeilles\/evenements\/#breadcrumb"},"inLanguage":"fr-FR","potentialAction":[{"@type":"ReadAction","target":["https:\/\/espace360.net\/cormeilles\/evenements\/"]}]},{"@type":"ImageObject","inLanguage":"fr-FR","@id":"https:\/\/espace360.net\/cormeilles\/evenements\/#primaryimage","url":"https:\/\/espace360.net\/cormeilles\/wp-content\/uploads\/sites\/7\/2025\/07\/feter-anniversaires-en-lair.jpg","contentUrl":"https:\/\/espace360.net\/cormeilles\/wp-content\/uploads\/sites\/7\/2025\/07\/feter-anniversaires-en-lair.jpg","width":768,"height":768,"caption":"Anniversaires en l'air"},{"@type":"BreadcrumbList","@id":"https:\/\/espace360.net\/cormeilles\/evenements\/#breadcrumb","itemListElement":[{"@type":"ListItem","position":1,"name":"Accueil","item":"https:\/\/espace360.net\/cormeilles\/"},{"@type":"ListItem","position":2,"name":"F\u00eater"}]},{"@type":"WebSite","@id":"https:\/\/espace360.net\/cormeilles\/#website","url":"https:\/\/espace360.net\/cormeilles\/","name":"Espace 360 Cormeilles","description":"Parc de Loisirs \u00e0 Cormeilles","publisher":{"@id":"https:\/\/espace360.net\/cormeilles\/#organization"},"alternateName":"Espace 360","potentialAction":[{"@type":"SearchAction","target":{"@type":"EntryPoint","urlTemplate":"https:\/\/espace360.net\/cormeilles\/?s={search_term_string}"},"query-input":{"@type":"PropertyValueSpecification","valueRequired":true,"valueName":"search_term_string"}}],"inLanguage":"fr-FR"},{"@type":"Organization","@id":"https:\/\/espace360.net\/cormeilles\/#organization","name":"Espace 360","url":"https:\/\/espace360.net\/cormeilles\/","logo":{"@type":"ImageObject","inLanguage":"fr-FR","@id":"https:\/\/espace360.net\/cormeilles\/#\/schema\/logo\/image\/","url":"https:\/\/espace360.net\/cormeilles\/wp-content\/uploads\/sites\/7\/2026\/02\/logo-espace-360-favicon.png","contentUrl":"https:\/\/espace360.net\/cormeilles\/wp-content\/uploads\/sites\/7\/2026\/02\/logo-espace-360-favicon.png","width":512,"height":521,"caption":"Espace 360"},"image":{"@id":"https:\/\/espace360.net\/cormeilles\/#\/schema\/logo\/image\/"},"sameAs":["https:\/\/www.instagram.com\/espace360.cormeilles","https:\/\/fr.linkedin.com\/company\/espace-360-cormeilles-en-parisis","https:\/\/www.tiktok.com\/@espace360.cormeilles"]}]}},"acf":[],"_links":{"self":[{"href":"https:\/\/espace360.net\/cormeilles\/wp-json\/wp\/v2\/pages\/1577","targetHints":{"allow":["GET"]}}],"collection":[{"href":"https:\/\/espace360.net\/cormeilles\/wp-json\/wp\/v2\/pages"}],"about":[{"href":"https:\/\/espace360.net\/cormeilles\/wp-json\/wp\/v2\/types\/page"}],"author":[{"embeddable":true,"href":"https:\/\/espace360.net\/cormeilles\/wp-json\/wp\/v2\/users\/2"}],"replies":[{"embeddable":true,"href":"https:\/\/espace360.net\/cormeilles\/wp-json\/wp\/v2\/comments?post=1577"}],"version-history":[{"count":0,"href":"https:\/\/espace360.net\/cormeilles\/wp-json\/wp\/v2\/pages\/1577\/revisions"}],"wp:attachment":[{"href":"https:\/\/espace360.net\/cormeilles\/wp-json\/wp\/v2\/media?parent=1577"}],"curies":[{"name":"wp","href":"https:\/\/api.w.org\/{rel}","templated":true}]}}