{"id":3824,"date":"2019-05-21T14:37:15","date_gmt":"2019-05-21T12:37:15","guid":{"rendered":"https:\/\/espace360.net\/?page_id=3824"},"modified":"2023-01-17T13:34:27","modified_gmt":"2023-01-17T12:34:27","slug":"rejoignez-nous","status":"publish","type":"page","link":"https:\/\/espace360.net\/rouen\/rejoignez-nous\/","title":{"rendered":"Rejoignez-Nous"},"content":{"rendered":"\t\t<div data-elementor-type=\"wp-page\" data-elementor-id=\"3824\" class=\"elementor elementor-3824\" data-elementor-post-type=\"page\">\n\t\t\t\t\t\t<section class=\"elementor-section elementor-top-section elementor-element elementor-element-16143139 elementor-section-boxed elementor-section-height-default elementor-section-height-default\" data-id=\"16143139\" data-element_type=\"section\" data-e-type=\"section\" data-settings=\"{&quot;background_background&quot;:&quot;classic&quot;}\">\n\t\t\t\t\t\t<div class=\"elementor-container elementor-column-gap-default\">\n\t\t\t\t\t<div class=\"elementor-column elementor-col-100 elementor-top-column elementor-element elementor-element-1f9f8986\" data-id=\"1f9f8986\" data-element_type=\"column\" data-e-type=\"column\">\n\t\t\t<div class=\"elementor-widget-wrap elementor-element-populated\">\n\t\t\t\t\t\t<div class=\"elementor-element elementor-element-4b1beeaf elementor-widget elementor-widget-heading\" data-id=\"4b1beeaf\" data-element_type=\"widget\" data-e-type=\"widget\" data-widget_type=\"heading.default\">\n\t\t\t\t<div class=\"elementor-widget-container\">\n\t\t\t\t\t<h1 class=\"elementor-heading-title elementor-size-default\">REJOIGNEZ-NOUS !<\/h1>\t\t\t\t<\/div>\n\t\t\t\t<\/div>\n\t\t\t\t\t<\/div>\n\t\t<\/div>\n\t\t\t\t\t<\/div>\n\t\t<\/section>\n\t\t\t\t<section class=\"elementor-section elementor-top-section elementor-element elementor-element-6dcef3e1 elementor-section-boxed elementor-section-height-default elementor-section-height-default\" data-id=\"6dcef3e1\" data-element_type=\"section\" data-e-type=\"section\" data-settings=\"{&quot;background_background&quot;:&quot;classic&quot;}\">\n\t\t\t\t\t\t<div class=\"elementor-container elementor-column-gap-default\">\n\t\t\t\t\t<div class=\"elementor-column elementor-col-100 elementor-top-column elementor-element elementor-element-101786b5\" data-id=\"101786b5\" data-element_type=\"column\" data-e-type=\"column\">\n\t\t\t<div class=\"elementor-widget-wrap elementor-element-populated\">\n\t\t\t\t\t\t<div class=\"elementor-element elementor-element-1f96176b elementor-widget elementor-widget-text-editor\" data-id=\"1f96176b\" data-element_type=\"widget\" data-e-type=\"widget\" data-widget_type=\"text-editor.default\">\n\t\t\t\t<div class=\"elementor-widget-container\">\n\t\t\t\t\t\t\t\t\t<p style=\"text-align: center\">Nous recherchons toujours de nouveaux collaborateurs avec de la personnalit\u00e9 afin d\u2019incarner \u00e0 nos c\u00f4t\u00e9s une Nouvelle G\u00e9n\u00e9ration d\u2019activit\u00e9s !<\/p><p style=\"text-align: center\">Si vous \u00eates pr\u00eat(e)s \u00e0 vivre une aventure humaine, \u00e9nergique et motivante, alors vous \u00eates pr\u00eats pour l\u2019aventure <a href=\"https:\/\/espace360.net\/rouen\/\">ESPACE 360<\/a> !<\/p>\t\t\t\t\t\t\t\t<\/div>\n\t\t\t\t<\/div>\n\t\t\t\t<div class=\"elementor-element elementor-element-3283abc elementor-button-align-start elementor-widget elementor-widget-form\" data-id=\"3283abc\" data-element_type=\"widget\" data-e-type=\"widget\" data-settings=\"{&quot;step_next_label&quot;:&quot;Suivant&quot;,&quot;step_previous_label&quot;:&quot;Pr\\u00e9c\\u00e9dent&quot;,&quot;button_width&quot;:&quot;100&quot;,&quot;step_type&quot;:&quot;number_text&quot;,&quot;step_icon_shape&quot;:&quot;circle&quot;}\" data-widget_type=\"form.default\">\n\t\t\t\t<div class=\"elementor-widget-container\">\n\t\t\t\t\t\t\t<form class=\"elementor-form\" method=\"post\" id=\"formrecrutement\" name=\"Formulaire Rejoignez-nous\" aria-label=\"Formulaire Rejoignez-nous\">\n\t\t\t<input type=\"hidden\" name=\"post_id\" value=\"3824\"\/>\n\t\t\t<input type=\"hidden\" name=\"form_id\" value=\"3283abc\"\/>\n\t\t\t<input type=\"hidden\" name=\"referer_title\" value=\"Rejoignez-Nous - Espace 360 Rouen\" \/>\n\n\t\t\t\t\t\t\t<input type=\"hidden\" name=\"queried_id\" value=\"3824\"\/>\n\t\t\t\n\t\t\t<div class=\"elementor-form-fields-wrapper elementor-labels-above\">\n\t\t\t\t\t\t\t\t<div class=\"elementor-field-type-text elementor-field-group elementor-column elementor-field-group-nom elementor-col-50 elementor-field-required\">\n\t\t\t\t\t\t\t\t\t\t\t\t\t<input size=\"1\" type=\"text\" name=\"form_fields[nom]\" id=\"form-field-nom\" class=\"elementor-field elementor-size-lg  elementor-field-textual\" placeholder=\"Nom*\" required=\"required\">\n\t\t\t\t\t\t\t\t\t\t\t<\/div>\n\t\t\t\t\t\t\t\t<div class=\"elementor-field-type-text elementor-field-group elementor-column elementor-field-group-prenom elementor-col-50 elementor-field-required\">\n\t\t\t\t\t\t\t\t\t\t\t\t\t<input size=\"1\" type=\"text\" name=\"form_fields[prenom]\" id=\"form-field-prenom\" class=\"elementor-field elementor-size-lg  elementor-field-textual\" placeholder=\"Pr\u00e9nom*\" required=\"required\">\n\t\t\t\t\t\t\t\t\t\t\t<\/div>\n\t\t\t\t\t\t\t\t<div class=\"elementor-field-type-email elementor-field-group elementor-column elementor-field-group-email elementor-col-50 elementor-field-required\">\n\t\t\t\t\t\t\t\t\t\t\t\t\t<input size=\"1\" type=\"email\" name=\"form_fields[email]\" id=\"form-field-email\" class=\"elementor-field elementor-size-lg  elementor-field-textual\" placeholder=\"E-mail*\" required=\"required\">\n\t\t\t\t\t\t\t\t\t\t\t<\/div>\n\t\t\t\t\t\t\t\t<div class=\"elementor-field-type-tel elementor-field-group elementor-column elementor-field-group-tel elementor-col-50 elementor-field-required\">\n\t\t\t\t\t\t\t<input size=\"1\" type=\"tel\" name=\"form_fields[tel]\" id=\"form-field-tel\" class=\"elementor-field elementor-size-lg  elementor-field-textual\" placeholder=\"T\u00e9l\u00e9phone*\" required=\"required\" pattern=\"[0-9()#&amp;+*-=.]+\" title=\"Seuls les caract\u00e8res de num\u00e9ros de t\u00e9l\u00e9phone (#, -, *, etc.) sont accept\u00e9s.\">\n\n\t\t\t\t\t\t<\/div>\n\t\t\t\t\t\t\t\t<div class=\"elementor-field-type-text elementor-field-group elementor-column elementor-field-group-adresse elementor-col-50 elementor-field-required\">\n\t\t\t\t\t\t\t\t\t\t\t\t\t<input size=\"1\" type=\"text\" name=\"form_fields[adresse]\" id=\"form-field-adresse\" class=\"elementor-field elementor-size-lg  elementor-field-textual\" placeholder=\"Adresse*\" required=\"required\">\n\t\t\t\t\t\t\t\t\t\t\t<\/div>\n\t\t\t\t\t\t\t\t<div class=\"elementor-field-type-text elementor-field-group elementor-column elementor-field-group-ville elementor-col-50 elementor-field-required\">\n\t\t\t\t\t\t\t\t\t\t\t\t\t<input size=\"1\" type=\"text\" name=\"form_fields[ville]\" id=\"form-field-ville\" class=\"elementor-field elementor-size-lg  elementor-field-textual\" placeholder=\"Ville*\" required=\"required\">\n\t\t\t\t\t\t\t\t\t\t\t<\/div>\n\t\t\t\t\t\t\t\t<div class=\"elementor-field-type-text elementor-field-group elementor-column elementor-field-group-cp elementor-col-50 elementor-field-required\">\n\t\t\t\t\t\t\t\t\t\t\t\t\t<input size=\"1\" type=\"text\" name=\"form_fields[cp]\" id=\"form-field-cp\" class=\"elementor-field elementor-size-lg  elementor-field-textual\" placeholder=\"Code Postal*\" required=\"required\">\n\t\t\t\t\t\t\t\t\t\t\t<\/div>\n\t\t\t\t\t\t\t\t<div class=\"elementor-field-type-select elementor-field-group elementor-column elementor-field-group-poste elementor-col-50 elementor-field-required\">\n\t\t\t\t\t\t\t<div class=\"elementor-field elementor-select-wrapper remove-before \">\n\t\t\t<div class=\"select-caret-down-wrapper\">\n\t\t\t\t<i aria-hidden=\"true\" class=\"eicon-caret-down\"><\/i>\t\t\t<\/div>\n\t\t\t<select name=\"form_fields[poste]\" id=\"form-field-poste\" class=\"elementor-field-textual elementor-size-lg\" required=\"required\">\n\t\t\t\t\t\t\t\t\t<option value=\"Poste Souhait\u00e9*\">Poste Souhait\u00e9*<\/option>\n\t\t\t\t\t\t\t\t\t<option value=\"Barman\">Barman<\/option>\n\t\t\t\t\t\t\t\t\t<option value=\"S\u00e9curit\u00e9\">S\u00e9curit\u00e9<\/option>\n\t\t\t\t\t\t\t\t\t<option value=\"Animation\">Animation<\/option>\n\t\t\t\t\t\t\t\t\t<option value=\"G\u00e9rant \/ Responsable\">G\u00e9rant \/ Responsable<\/option>\n\t\t\t\t\t\t\t\t\t<option value=\"Accueil \/ Commercial\">Accueil \/ Commercial<\/option>\n\t\t\t\t\t\t\t<\/select>\n\t\t<\/div>\n\t\t\t\t\t\t<\/div>\n\t\t\t\t\t\t\t\t<div class=\"elementor-field-type-upload elementor-field-group elementor-column elementor-field-group-cv elementor-col-100 elementor-field-required\">\n\t\t\t\t\t\t\t\t\t\t\t\t<label for=\"form-field-cv\" class=\"elementor-field-label\">\n\t\t\t\t\t\t\t\tVotre CV*\t\t\t\t\t\t\t<\/label>\n\t\t\t\t\t\t\t\t<input type=\"file\" name=\"form_fields[cv]\" id=\"form-field-cv\" class=\"elementor-field elementor-size-lg  elementor-upload-field\" required=\"required\" data-maxsize=\"5\" data-maxsize-message=\"Ce fichier d\u00e9passe la taille maximale autoris\u00e9e.\">\n\n\t\t\t\t\t\t<\/div>\n\t\t\t\t\t\t\t\t<div class=\"elementor-field-type-upload elementor-field-group elementor-column elementor-field-group-lm elementor-col-100 elementor-field-required\">\n\t\t\t\t\t\t\t\t\t\t\t\t<label for=\"form-field-lm\" class=\"elementor-field-label\">\n\t\t\t\t\t\t\t\tVotre Lettre de Motivation*\t\t\t\t\t\t\t<\/label>\n\t\t\t\t\t\t\t\t<input type=\"file\" name=\"form_fields[lm]\" id=\"form-field-lm\" class=\"elementor-field elementor-size-lg  elementor-upload-field\" required=\"required\" data-maxsize=\"5\" data-maxsize-message=\"Ce fichier d\u00e9passe la taille maximale autoris\u00e9e.\">\n\n\t\t\t\t\t\t<\/div>\n\t\t\t\t\t\t\t\t<div class=\"elementor-field-type-textarea elementor-field-group elementor-column elementor-field-group-message elementor-col-100\">\n\t\t\t\t\t<textarea class=\"elementor-field-textual elementor-field  elementor-size-lg\" name=\"form_fields[message]\" id=\"form-field-message\" rows=\"3\" placeholder=\"Message\"><\/textarea>\t\t\t\t<\/div>\n\t\t\t\t\t\t\t\t<div class=\"elementor-field-type-acceptance elementor-field-group elementor-column elementor-field-group-acceptation elementor-col-100 elementor-field-required\">\n\t\t\t\t\t\t\t<div class=\"elementor-field-subgroup\">\n\t\t\t<span class=\"elementor-field-option\">\n\t\t\t\t<input type=\"checkbox\" name=\"form_fields[acceptation]\" id=\"form-field-acceptation\" class=\"elementor-field elementor-size-lg  elementor-acceptance-field\" required=\"required\">\n\t\t\t\t<label for=\"form-field-acceptation\"><span style=\"font-size: 17px\">J\u2019ai lu et accepte la <a href=\"\/mentions-legales\/\">politique de confidentialit\u00e9<\/a> de ce site.<\/span><\/label>\t\t\t<\/span>\n\t\t<\/div>\n\t\t\t\t\t\t<\/div>\n\t\t\t\t\t\t\t\t<div class=\"elementor-field-type-recaptcha_v3 elementor-field-group elementor-column elementor-field-group-field_aaf88a5 elementor-col-100 recaptcha_v3-bottomright\">\n\t\t\t\t\t<div class=\"elementor-field\" id=\"form-field-field_aaf88a5\"><div class=\"elementor-g-recaptcha\" data-sitekey=\"6LeVrv4qAAAAAE7QfTPRAM14_aBf9GEfL3ubX1zM\" data-type=\"v3\" data-action=\"Form\" data-badge=\"bottomright\" data-size=\"invisible\"><\/div><\/div>\t\t\t\t<\/div>\n\t\t\t\t\t\t\t\t<div class=\"elementor-field-group elementor-column elementor-field-type-submit elementor-col-100 e-form__buttons\">\n\t\t\t\t\t<button class=\"elementor-button elementor-size-lg\" type=\"submit\">\n\t\t\t\t\t\t<span class=\"elementor-button-content-wrapper\">\n\t\t\t\t\t\t\t\t\t\t\t\t\t\t\t\t\t\t\t\t\t\t<span class=\"elementor-button-text\">Envoyer<\/span>\n\t\t\t\t\t\t\t\t\t\t\t\t\t<\/span>\n\t\t\t\t\t<\/button>\n\t\t\t\t<\/div>\n\t\t\t<\/div>\n\t\t<\/form>\n\t\t\t\t\t\t<\/div>\n\t\t\t\t<\/div>\n\t\t\t\t\t<\/div>\n\t\t<\/div>\n\t\t\t\t\t<\/div>\n\t\t<\/section>\n\t\t\t\t<\/div>\n\t\t","protected":false},"excerpt":{"rendered":"<p>REJOIGNEZ-NOUS ! Nous recherchons toujours de nouveaux collaborateurs avec de la personnalit\u00e9 afin d\u2019incarner \u00e0 nos c\u00f4t\u00e9s une Nouvelle G\u00e9n\u00e9ration d\u2019activit\u00e9s ! Si vous \u00eates pr\u00eat(e)s \u00e0 vivre une aventure humaine, \u00e9nergique et motivante, alors vous \u00eates pr\u00eats pour l\u2019aventure ESPACE 360 !<\/p>\n","protected":false},"author":1,"featured_media":0,"parent":0,"menu_order":0,"comment_status":"closed","ping_status":"closed","template":"","meta":{"footnotes":""},"class_list":["post-3824","page","type-page","status-publish","hentry"],"yoast_head":"<!-- This site is optimized with the Yoast SEO plugin v27.5 - https:\/\/yoast.com\/product\/yoast-seo-wordpress\/ -->\n<title>Rejoignez-Nous - Espace 360 Rouen<\/title>\n<meta name=\"description\" content=\"Nous recherchons toujours de nouveaux collaborateurs afin d&#039;incarner a\u0300 nos co\u0302te\u0301s une nouvelle ge\u0301ne\u0301ration de divertissement.\" \/>\n<meta name=\"robots\" content=\"index, follow, max-snippet:-1, max-image-preview:large, max-video-preview:-1\" \/>\n<link rel=\"canonical\" href=\"https:\/\/espace360.net\/rouen\/rejoignez-nous\/\" \/>\n<meta property=\"og:locale\" content=\"fr_FR\" \/>\n<meta property=\"og:type\" content=\"article\" \/>\n<meta property=\"og:title\" content=\"Rejoignez-Nous - Espace 360 Rouen\" \/>\n<meta property=\"og:description\" content=\"Nous recherchons toujours de nouveaux collaborateurs afin d&#039;incarner a\u0300 nos co\u0302te\u0301s une nouvelle ge\u0301ne\u0301ration de divertissement.\" \/>\n<meta property=\"og:url\" content=\"https:\/\/espace360.net\/rouen\/rejoignez-nous\/\" \/>\n<meta property=\"og:site_name\" content=\"Espace 360 Rouen\" \/>\n<meta property=\"article:publisher\" content=\"https:\/\/www.facebook.com\/espace360.tourville\/\" \/>\n<meta property=\"article:modified_time\" content=\"2023-01-17T12:34:27+00:00\" \/>\n<meta name=\"twitter:card\" content=\"summary_large_image\" \/>\n<meta name=\"twitter:label1\" content=\"Dur\u00e9e de lecture estim\u00e9e\" \/>\n\t<meta name=\"twitter:data1\" content=\"1 minute\" \/>\n<script type=\"application\/ld+json\" class=\"yoast-schema-graph\">{\"@context\":\"https:\\\/\\\/schema.org\",\"@graph\":[{\"@type\":\"WebPage\",\"@id\":\"https:\\\/\\\/espace360.net\\\/rouen\\\/rejoignez-nous\\\/\",\"url\":\"https:\\\/\\\/espace360.net\\\/rouen\\\/rejoignez-nous\\\/\",\"name\":\"Rejoignez-Nous - Espace 360 Rouen\",\"isPartOf\":{\"@id\":\"https:\\\/\\\/espace360.net\\\/rouen\\\/#website\"},\"datePublished\":\"2019-05-21T12:37:15+00:00\",\"dateModified\":\"2023-01-17T12:34:27+00:00\",\"description\":\"Nous recherchons toujours de nouveaux collaborateurs afin d'incarner a\u0300 nos co\u0302te\u0301s une nouvelle ge\u0301ne\u0301ration de divertissement.\",\"breadcrumb\":{\"@id\":\"https:\\\/\\\/espace360.net\\\/rouen\\\/rejoignez-nous\\\/#breadcrumb\"},\"inLanguage\":\"fr-FR\",\"potentialAction\":[{\"@type\":\"ReadAction\",\"target\":[\"https:\\\/\\\/espace360.net\\\/rouen\\\/rejoignez-nous\\\/\"]}]},{\"@type\":\"BreadcrumbList\",\"@id\":\"https:\\\/\\\/espace360.net\\\/rouen\\\/rejoignez-nous\\\/#breadcrumb\",\"itemListElement\":[{\"@type\":\"ListItem\",\"position\":1,\"name\":\"Accueil\",\"item\":\"https:\\\/\\\/espace360.net\\\/rouen\\\/\"},{\"@type\":\"ListItem\",\"position\":2,\"name\":\"Rejoignez-Nous\"}]},{\"@type\":\"WebSite\",\"@id\":\"https:\\\/\\\/espace360.net\\\/rouen\\\/#website\",\"url\":\"https:\\\/\\\/espace360.net\\\/rouen\\\/\",\"name\":\"Espace 360 Rouen\",\"description\":\"Prenez Votre Envol\",\"publisher\":{\"@id\":\"https:\\\/\\\/espace360.net\\\/rouen\\\/#organization\"},\"potentialAction\":[{\"@type\":\"SearchAction\",\"target\":{\"@type\":\"EntryPoint\",\"urlTemplate\":\"https:\\\/\\\/espace360.net\\\/rouen\\\/?s={search_term_string}\"},\"query-input\":{\"@type\":\"PropertyValueSpecification\",\"valueRequired\":true,\"valueName\":\"search_term_string\"}}],\"inLanguage\":\"fr-FR\"},{\"@type\":\"Organization\",\"@id\":\"https:\\\/\\\/espace360.net\\\/rouen\\\/#organization\",\"name\":\"Espace 360 Luisant\",\"url\":\"https:\\\/\\\/espace360.net\\\/rouen\\\/\",\"logo\":{\"@type\":\"ImageObject\",\"inLanguage\":\"fr-FR\",\"@id\":\"https:\\\/\\\/espace360.net\\\/rouen\\\/#\\\/schema\\\/logo\\\/image\\\/\",\"url\":\"\",\"contentUrl\":\"\",\"caption\":\"Espace 360 Luisant\"},\"image\":{\"@id\":\"https:\\\/\\\/espace360.net\\\/rouen\\\/#\\\/schema\\\/logo\\\/image\\\/\"},\"sameAs\":[\"https:\\\/\\\/www.facebook.com\\\/espace360.tourville\\\/\",\"https:\\\/\\\/www.instagram.com\\\/espace360.tourville\\\/\",\"https:\\\/\\\/www.youtube.com\\\/channel\\\/UCqUZHWMyioojRE7Q1TZFbGg\\\/featured\"]}]}<\/script>\n<!-- \/ Yoast SEO plugin. -->","yoast_head_json":{"title":"Rejoignez-Nous - Espace 360 Rouen","description":"Nous recherchons toujours de nouveaux collaborateurs afin d'incarner a\u0300 nos co\u0302te\u0301s une nouvelle ge\u0301ne\u0301ration de divertissement.","robots":{"index":"index","follow":"follow","max-snippet":"max-snippet:-1","max-image-preview":"max-image-preview:large","max-video-preview":"max-video-preview:-1"},"canonical":"https:\/\/espace360.net\/rouen\/rejoignez-nous\/","og_locale":"fr_FR","og_type":"article","og_title":"Rejoignez-Nous - Espace 360 Rouen","og_description":"Nous recherchons toujours de nouveaux collaborateurs afin d'incarner a\u0300 nos co\u0302te\u0301s une nouvelle ge\u0301ne\u0301ration de divertissement.","og_url":"https:\/\/espace360.net\/rouen\/rejoignez-nous\/","og_site_name":"Espace 360 Rouen","article_publisher":"https:\/\/www.facebook.com\/espace360.tourville\/","article_modified_time":"2023-01-17T12:34:27+00:00","twitter_card":"summary_large_image","twitter_misc":{"Dur\u00e9e de lecture estim\u00e9e":"1 minute"},"schema":{"@context":"https:\/\/schema.org","@graph":[{"@type":"WebPage","@id":"https:\/\/espace360.net\/rouen\/rejoignez-nous\/","url":"https:\/\/espace360.net\/rouen\/rejoignez-nous\/","name":"Rejoignez-Nous - Espace 360 Rouen","isPartOf":{"@id":"https:\/\/espace360.net\/rouen\/#website"},"datePublished":"2019-05-21T12:37:15+00:00","dateModified":"2023-01-17T12:34:27+00:00","description":"Nous recherchons toujours de nouveaux collaborateurs afin d'incarner a\u0300 nos co\u0302te\u0301s une nouvelle ge\u0301ne\u0301ration de divertissement.","breadcrumb":{"@id":"https:\/\/espace360.net\/rouen\/rejoignez-nous\/#breadcrumb"},"inLanguage":"fr-FR","potentialAction":[{"@type":"ReadAction","target":["https:\/\/espace360.net\/rouen\/rejoignez-nous\/"]}]},{"@type":"BreadcrumbList","@id":"https:\/\/espace360.net\/rouen\/rejoignez-nous\/#breadcrumb","itemListElement":[{"@type":"ListItem","position":1,"name":"Accueil","item":"https:\/\/espace360.net\/rouen\/"},{"@type":"ListItem","position":2,"name":"Rejoignez-Nous"}]},{"@type":"WebSite","@id":"https:\/\/espace360.net\/rouen\/#website","url":"https:\/\/espace360.net\/rouen\/","name":"Espace 360 Rouen","description":"Prenez Votre Envol","publisher":{"@id":"https:\/\/espace360.net\/rouen\/#organization"},"potentialAction":[{"@type":"SearchAction","target":{"@type":"EntryPoint","urlTemplate":"https:\/\/espace360.net\/rouen\/?s={search_term_string}"},"query-input":{"@type":"PropertyValueSpecification","valueRequired":true,"valueName":"search_term_string"}}],"inLanguage":"fr-FR"},{"@type":"Organization","@id":"https:\/\/espace360.net\/rouen\/#organization","name":"Espace 360 Luisant","url":"https:\/\/espace360.net\/rouen\/","logo":{"@type":"ImageObject","inLanguage":"fr-FR","@id":"https:\/\/espace360.net\/rouen\/#\/schema\/logo\/image\/","url":"","contentUrl":"","caption":"Espace 360 Luisant"},"image":{"@id":"https:\/\/espace360.net\/rouen\/#\/schema\/logo\/image\/"},"sameAs":["https:\/\/www.facebook.com\/espace360.tourville\/","https:\/\/www.instagram.com\/espace360.tourville\/","https:\/\/www.youtube.com\/channel\/UCqUZHWMyioojRE7Q1TZFbGg\/featured"]}]}},"_links":{"self":[{"href":"https:\/\/espace360.net\/rouen\/wp-json\/wp\/v2\/pages\/3824","targetHints":{"allow":["GET"]}}],"collection":[{"href":"https:\/\/espace360.net\/rouen\/wp-json\/wp\/v2\/pages"}],"about":[{"href":"https:\/\/espace360.net\/rouen\/wp-json\/wp\/v2\/types\/page"}],"author":[{"embeddable":true,"href":"https:\/\/espace360.net\/rouen\/wp-json\/wp\/v2\/users\/1"}],"replies":[{"embeddable":true,"href":"https:\/\/espace360.net\/rouen\/wp-json\/wp\/v2\/comments?post=3824"}],"version-history":[{"count":1,"href":"https:\/\/espace360.net\/rouen\/wp-json\/wp\/v2\/pages\/3824\/revisions"}],"predecessor-version":[{"id":24815,"href":"https:\/\/espace360.net\/rouen\/wp-json\/wp\/v2\/pages\/3824\/revisions\/24815"}],"wp:attachment":[{"href":"https:\/\/espace360.net\/rouen\/wp-json\/wp\/v2\/media?parent=3824"}],"curies":[{"name":"wp","href":"https:\/\/api.w.org\/{rel}","templated":true}]}}